{"id":27711,"date":"2022-01-14T08:26:33","date_gmt":"2022-01-14T08:26:33","guid":{"rendered":"https:\/\/www.emporiorossi.it\/richiesta-preventivo\/"},"modified":"2022-09-28T12:29:06","modified_gmt":"2022-09-28T12:29:06","slug":"richiesta-preventivo","status":"publish","type":"page","link":"https:\/\/www.emporiorossi.it\/no\/richiesta-preventivo\/","title":{"rendered":"Be om et tilbud"},"content":{"rendered":"<section class=\"wpb-content-wrapper\"><p><head><br \/>\n<!-- Event snippet for Richiesta preventivo norvegese conversion page\nIn your html page, add the snippet and call gtag_report_conversion when someone clicks on the chosen link or button. --><br \/>\n<script>\nfunction gtag_report_conversion(https:\/\/www.emporiorossi.it\/no\/richiesta-preventivo\/) {\n  var callback = function () {\n    if (typeof(https:\/\/www.emporiorossi.it\/no\/richiesta-preventivo\/) != 'undefined') {\n      window.location = https:\/\/www.emporiorossi.it\/no\/richiesta-preventivo\/;\n    }\n  };\n  gtag('event', 'conversion', {\n      'send_to': 'AW-1030584485\/QijlCMCX4eEDEKXxtesD',\n      'event_callback': callback\n  });\n  return false;\n}\n<\/script><br \/>\n<\/head><br \/>\n<!-- Event snippet for Richiesta preventivo norvegese conversion page --><br \/>\n<script>\n  gtag('event', 'conversion', {'send_to': 'AW-1030584485\/QijlCMCX4eEDEKXxtesD'});\n<\/script><\/p>\n<section class=\"vc_row wpb_row vc_row-fluid  vc_custom_1650447193528\"><div class=\"wpb_column vc_column_container vc_col-sm-12  col-xs-mobile-fullwidth\"><div class=\"vc_column-inner vc_custom_1647351599755\"><div class=\"wpb_wrapper\"><div id=\"pofo-client-image-slider-1\" class=\"swiper-container pofo-client-image-slider-1  black-move\" data-slider-options=\"{&quot;stopOnLastSlide&quot;:true,&quot;disableOnInteraction&quot;:false,&quot;keyboard&quot;:true,&quot;mousewheel&quot;:false,&quot;slidesPerView&quot;:&quot;2&quot;,&quot;breakpoints&quot;:{&quot;768&quot;:{&quot;slidesPerView&quot;:&quot;3&quot;},&quot;992&quot;:{&quot;slidesPerView&quot;:&quot;3&quot;},&quot;1200&quot;:{&quot;slidesPerView&quot;:&quot;6&quot;}},&quot;loop&quot;:true,&quot;autoplay&quot;:{&quot;delay&quot;:3000}}\"><div class=\"swiper-wrapper\"><div class=\"swiper-slide slide-content-middle text-center\"><img loading=\"lazy\" decoding=\"async\" src=\"https:\/\/www.emporiorossi.it\/wp-content\/uploads\/2021\/10\/Bosh.png\" width=\"225\" height=\"110\" alt=\"\" srcset=\"https:\/\/www.emporiorossi.it\/wp-content\/uploads\/2021\/10\/Bosh.png 225w, https:\/\/www.emporiorossi.it\/wp-content\/uploads\/2021\/10\/Bosh-120x59.png 120w, https:\/\/www.emporiorossi.it\/wp-content\/uploads\/2021\/10\/Bosh-81x40.png 81w\" sizes=\"auto, (max-width: 225px) 100vw, 225px\" title=\"\"><\/div><div class=\"swiper-slide slide-content-middle text-center\"><img loading=\"lazy\" decoding=\"async\" src=\"https:\/\/www.emporiorossi.it\/wp-content\/uploads\/2021\/10\/Brembo.png\" width=\"225\" height=\"110\" alt=\"\" srcset=\"https:\/\/www.emporiorossi.it\/wp-content\/uploads\/2021\/10\/Brembo.png 225w, https:\/\/www.emporiorossi.it\/wp-content\/uploads\/2021\/10\/Brembo-120x59.png 120w, https:\/\/www.emporiorossi.it\/wp-content\/uploads\/2021\/10\/Brembo-81x40.png 81w\" sizes=\"auto, (max-width: 225px) 100vw, 225px\" title=\"\"><\/div><div class=\"swiper-slide slide-content-middle text-center\"><img loading=\"lazy\" decoding=\"async\" src=\"https:\/\/www.emporiorossi.it\/wp-content\/uploads\/2021\/10\/Firestone.png\" width=\"225\" height=\"110\" alt=\"\" srcset=\"https:\/\/www.emporiorossi.it\/wp-content\/uploads\/2021\/10\/Firestone.png 225w, https:\/\/www.emporiorossi.it\/wp-content\/uploads\/2021\/10\/Firestone-120x59.png 120w, https:\/\/www.emporiorossi.it\/wp-content\/uploads\/2021\/10\/Firestone-81x40.png 81w\" sizes=\"auto, (max-width: 225px) 100vw, 225px\" title=\"\"><\/div><div class=\"swiper-slide slide-content-middle text-center\"><img loading=\"lazy\" decoding=\"async\" src=\"https:\/\/www.emporiorossi.it\/wp-content\/uploads\/2021\/10\/Loctite.png\" width=\"225\" height=\"110\" alt=\"\" srcset=\"https:\/\/www.emporiorossi.it\/wp-content\/uploads\/2021\/10\/Loctite.png 225w, https:\/\/www.emporiorossi.it\/wp-content\/uploads\/2021\/10\/Loctite-120x59.png 120w, https:\/\/www.emporiorossi.it\/wp-content\/uploads\/2021\/10\/Loctite-81x40.png 81w\" sizes=\"auto, (max-width: 225px) 100vw, 225px\" title=\"\"><\/div><div class=\"swiper-slide slide-content-middle text-center\"><img loading=\"lazy\" decoding=\"async\" src=\"https:\/\/www.emporiorossi.it\/wp-content\/uploads\/2021\/10\/MagnetiMarelli.png\" width=\"225\" height=\"110\" alt=\"\" srcset=\"https:\/\/www.emporiorossi.it\/wp-content\/uploads\/2021\/10\/MagnetiMarelli.png 225w, https:\/\/www.emporiorossi.it\/wp-content\/uploads\/2021\/10\/MagnetiMarelli-120x59.png 120w, https:\/\/www.emporiorossi.it\/wp-content\/uploads\/2021\/10\/MagnetiMarelli-81x40.png 81w\" sizes=\"auto, (max-width: 225px) 100vw, 225px\" title=\"\"><\/div><div class=\"swiper-slide slide-content-middle text-center\"><img loading=\"lazy\" decoding=\"async\" src=\"https:\/\/www.emporiorossi.it\/wp-content\/uploads\/2021\/10\/MannFilter.png\" width=\"225\" height=\"110\" alt=\"\" srcset=\"https:\/\/www.emporiorossi.it\/wp-content\/uploads\/2021\/10\/MannFilter.png 225w, https:\/\/www.emporiorossi.it\/wp-content\/uploads\/2021\/10\/MannFilter-120x59.png 120w, https:\/\/www.emporiorossi.it\/wp-content\/uploads\/2021\/10\/MannFilter-81x40.png 81w\" sizes=\"auto, (max-width: 225px) 100vw, 225px\" title=\"\"><\/div><div class=\"swiper-slide slide-content-middle text-center\"><img loading=\"lazy\" decoding=\"async\" src=\"https:\/\/www.emporiorossi.it\/wp-content\/uploads\/2021\/10\/Monroe.png\" width=\"225\" height=\"110\" alt=\"\" srcset=\"https:\/\/www.emporiorossi.it\/wp-content\/uploads\/2021\/10\/Monroe.png 225w, https:\/\/www.emporiorossi.it\/wp-content\/uploads\/2021\/10\/Monroe-120x59.png 120w, https:\/\/www.emporiorossi.it\/wp-content\/uploads\/2021\/10\/Monroe-81x40.png 81w\" sizes=\"auto, (max-width: 225px) 100vw, 225px\" title=\"\"><\/div><div class=\"swiper-slide slide-content-middle text-center\"><img loading=\"lazy\" decoding=\"async\" src=\"https:\/\/www.emporiorossi.it\/wp-content\/uploads\/2021\/10\/Pirelli.png\" width=\"225\" height=\"110\" alt=\"\" srcset=\"https:\/\/www.emporiorossi.it\/wp-content\/uploads\/2021\/10\/Pirelli.png 225w, https:\/\/www.emporiorossi.it\/wp-content\/uploads\/2021\/10\/Pirelli-120x59.png 120w, https:\/\/www.emporiorossi.it\/wp-content\/uploads\/2021\/10\/Pirelli-81x40.png 81w\" sizes=\"auto, (max-width: 225px) 100vw, 225px\" title=\"\"><\/div><div class=\"swiper-slide slide-content-middle text-center\"><img loading=\"lazy\" decoding=\"async\" src=\"https:\/\/www.emporiorossi.it\/wp-content\/uploads\/2021\/10\/SKF.png\" width=\"225\" height=\"110\" alt=\"\" srcset=\"https:\/\/www.emporiorossi.it\/wp-content\/uploads\/2021\/10\/SKF.png 225w, https:\/\/www.emporiorossi.it\/wp-content\/uploads\/2021\/10\/SKF-120x59.png 120w, https:\/\/www.emporiorossi.it\/wp-content\/uploads\/2021\/10\/SKF-81x40.png 81w\" sizes=\"auto, (max-width: 225px) 100vw, 225px\" title=\"\"><\/div><div class=\"swiper-slide slide-content-middle text-center\"><img loading=\"lazy\" decoding=\"async\" src=\"https:\/\/www.emporiorossi.it\/wp-content\/uploads\/2021\/10\/Usag.png\" width=\"225\" height=\"110\" alt=\"\" srcset=\"https:\/\/www.emporiorossi.it\/wp-content\/uploads\/2021\/10\/Usag.png 225w, https:\/\/www.emporiorossi.it\/wp-content\/uploads\/2021\/10\/Usag-120x59.png 120w, https:\/\/www.emporiorossi.it\/wp-content\/uploads\/2021\/10\/Usag-81x40.png 81w\" sizes=\"auto, (max-width: 225px) 100vw, 225px\" title=\"\"><\/div><div class=\"swiper-slide slide-content-middle text-center\"><img loading=\"lazy\" decoding=\"async\" src=\"https:\/\/www.emporiorossi.it\/wp-content\/uploads\/2021\/10\/Varta.png\" width=\"225\" height=\"110\" alt=\"\" srcset=\"https:\/\/www.emporiorossi.it\/wp-content\/uploads\/2021\/10\/Varta.png 225w, https:\/\/www.emporiorossi.it\/wp-content\/uploads\/2021\/10\/Varta-120x59.png 120w, https:\/\/www.emporiorossi.it\/wp-content\/uploads\/2021\/10\/Varta-81x40.png 81w\" sizes=\"auto, (max-width: 225px) 100vw, 225px\" title=\"\"><\/div><\/div><\/div><\/div><\/div><\/div><\/section><section class=\"vc_row wpb_row vc_row-fluid  vc_custom_1647351160656\"><div class=\"wpb_column vc_column_container vc_col-sm-8  col-xs-mobile-fullwidth pofo-column-responsive-69f40b4fea9ff\"><div class=\"vc_column-inner vc_custom_1641990398581\"><div class=\"wpb_wrapper\"><div class=\"text-medium-gray text-small margin-5px-bottom alt-font text-uppercase heading-style4  vc_custom_1664358164940 pofo-button-responsive-69f40b4feab1b  heading-1\"  style=\"font-weight: 600; color: #b32d30;\">Omr\u00e5de for tilbudsforesp\u00f8rsel<\/div><h2 class=\"text-extra-dark-gray margin-20px-bottom font-weight-600 display-block alt-font  pofo_font_1664358182436 heading-style2 pofo-button-responsive-69f40b4feabd4  heading-2\"  style=\"font-size: 32px; line-height: 40px; color: #0d3359;\" data-fontsize=\"32px\" data-lineheight=\"40px\">Leter du etter en reservedel til industrikj\u00f8ret\u00f8y?<\/h2><h2 class=\"text-extra-large margin-25px-bottom display-block alt-font  pofo_font_1664358231051 heading-style3 pofo-button-responsive-69f40b4feac45  heading-3\"  style=\"font-size: 20px; line-height: 20px; color: #0d3359;\" data-fontsize=\"20px\" data-lineheight=\"20px\"> For ethvert kj\u00f8ret\u00f8y, uansett merke og modell, be om et gratis tilbud p\u00e5 reservedelen din. Uten forpliktelse. <u> Du kan spare opptil 50 % <\/u><\/h2>\n<div class=\"wpcf7 no-js\" id=\"wpcf7-f27714-o1\" lang=\"nb-NO\" dir=\"ltr\" data-wpcf7-id=\"27714\">\n<div class=\"screen-reader-response\"><p role=\"status\" aria-live=\"polite\" aria-atomic=\"true\"><\/p> <ul><\/ul><\/div>\n<form action=\"\/no\/wp-json\/wp\/v2\/pages\/27711#wpcf7-f27714-o1\" method=\"post\" class=\"wpcf7-form init wpcf7-acceptance-as-validation\" aria-label=\"Kontaktskjema\" novalidate=\"novalidate\" data-status=\"init\">\n<fieldset class=\"hidden-fields-container\"><input type=\"hidden\" name=\"_wpcf7\" value=\"27714\" \/><input type=\"hidden\" name=\"_wpcf7_version\" value=\"6.1.5\" \/><input type=\"hidden\" name=\"_wpcf7_locale\" value=\"nb_NO\" \/><input type=\"hidden\" name=\"_wpcf7_unit_tag\" value=\"wpcf7-f27714-o1\" \/><input type=\"hidden\" name=\"_wpcf7_container_post\" value=\"0\" \/><input type=\"hidden\" name=\"_wpcf7_posted_data_hash\" value=\"\" \/><input type=\"hidden\" name=\"_wpcf7_recaptcha_response\" value=\"\" \/>\n<\/fieldset>\n<style>\n\n\n.mc4wp-checkbox.mc4wp-checkbox-contact-form-7 label input\n{\n width: 14px;\n margin-left: 0;\n margin-right: 9px;\n}\n.mc4wp-checkbox.mc4wp-checkbox-contact-form-7 label span\n{\n font-weight: 400 !important;\n}\n.consent_mc_en\n{\n display: none;\n}\n<\/style>\n<div class=\"text-extra-dark-gray alt-font text-large font-weight-600 margin-30px-bottom\">\n\t<p>Compila il form qui sotto. Sarai ricontattato entro 48h da un nostro consulente professionale a tua completa disposizione.\n\t<\/p>\n<\/div>\n<div>\n\t<p><span class=\"wpcf7-form-control-wrap\" data-name=\"contact-name\"><input size=\"40\" maxlength=\"400\" class=\"wpcf7-form-control wpcf7-text wpcf7-validates-as-required input-bg\" aria-required=\"true\" aria-invalid=\"false\" placeholder=\"Nome*\" value=\"\" type=\"text\" name=\"contact-name\" \/><\/span><br \/>\n<span class=\"wpcf7-form-control-wrap\" data-name=\"contact-email\"><input size=\"40\" maxlength=\"400\" class=\"wpcf7-form-control wpcf7-email wpcf7-validates-as-required wpcf7-text wpcf7-validates-as-email input-bg\" aria-required=\"true\" aria-invalid=\"false\" placeholder=\"E-mail*\" value=\"\" type=\"email\" name=\"contact-email\" \/><\/span><br \/>\n<span class=\"wpcf7-form-control-wrap\" data-name=\"contact-phone\"><input size=\"40\" maxlength=\"400\" class=\"wpcf7-form-control wpcf7-text wpcf7-validates-as-required input-bg\" aria-required=\"true\" aria-invalid=\"false\" placeholder=\"Numero di telefono*\" value=\"\" type=\"text\" name=\"contact-phone\" \/><\/span><br \/>\n<span class=\"wpcf7-form-control-wrap\" data-name=\"contact-service\"><select class=\"wpcf7-form-control wpcf7-select wpcf7-validates-as-required select-bg\" aria-required=\"true\" aria-invalid=\"false\" name=\"contact-service\"><option value=\"Seleziona il servizio d&#039;interesse*\">Seleziona il servizio d&#039;interesse*<\/option><option value=\"Carro\">Carro<\/option><option value=\"Auto\">Auto<\/option><option value=\"Oleodinamica\">Oleodinamica<\/option><option value=\"Diagnostica\">Diagnostica<\/option><option value=\"Attrezzature\">Attrezzature<\/option><\/select><\/span><br \/>\n<span class=\"wpcf7-form-control-wrap\" data-name=\"contact-targa\"><input size=\"40\" maxlength=\"400\" class=\"wpcf7-form-control wpcf7-text wpcf7-validates-as-required input-bg\" aria-required=\"true\" aria-invalid=\"false\" placeholder=\"Targa*\" value=\"\" type=\"text\" name=\"contact-targa\" \/><\/span><br \/>\n<span class=\"wpcf7-form-control-wrap\" data-name=\"contact-frame\"><input size=\"40\" maxlength=\"400\" class=\"wpcf7-form-control wpcf7-text wpcf7-validates-as-required input-bg\" aria-required=\"true\" aria-invalid=\"false\" placeholder=\"Numero di telaio (Lettera E o A del libretto di circolazione)*\" value=\"\" type=\"text\" name=\"contact-frame\" \/><\/span><br \/>\n<span class=\"wpcf7-form-control-wrap\" data-name=\"contact-model\"><input size=\"40\" maxlength=\"400\" class=\"wpcf7-form-control wpcf7-text input-bg\" aria-invalid=\"false\" placeholder=\"Marca e Modello\" value=\"\" type=\"text\" name=\"contact-model\" \/><\/span><br \/>\n<span class=\"wpcf7-form-control-wrap\" data-name=\"contact-province\"><input size=\"40\" maxlength=\"400\" class=\"wpcf7-form-control wpcf7-text wpcf7-validates-as-required input-bg\" aria-required=\"true\" aria-invalid=\"false\" placeholder=\"Provincia (ci serve per valutare le spese di spedizione)*\" value=\"\" type=\"text\" name=\"contact-province\" \/><\/span><br \/>\n<span class=\"wpcf7-form-control-wrap\" data-name=\"contact-message\"><textarea cols=\"40\" rows=\"3\" maxlength=\"2000\" class=\"wpcf7-form-control wpcf7-textarea input-bg\" aria-invalid=\"false\" placeholder=\"La tua richiesta*\" name=\"contact-message\"><\/textarea><\/span><br \/>\n<span class=\"wpcf7-form-control-wrap\" data-name=\"contact-acceptance\"><span class=\"wpcf7-form-control wpcf7-acceptance\"><span class=\"wpcf7-list-item\"><label><input type=\"checkbox\" name=\"contact-acceptance\" value=\"1\" aria-invalid=\"false\" \/><span class=\"wpcf7-list-item-label\">Ho letto e accetto la <a href=\"\/privacy-policy\/\" target=\"_blank\">Privacy Policy<\/a> del sito web<\/span><\/label><\/span><\/span><\/span><br \/>\n<!-- Mailchimp for WordPress v4.12.1 - https:\/\/www.mc4wp.com\/ --><input type=\"hidden\" name=\"_mc4wp_subscribe_contact-form-7\" value=\"0\" \/><span class=\"mc4wp-checkbox mc4wp-checkbox-contact-form-7 \"><label><input type=\"checkbox\" name=\"_mc4wp_subscribe_contact-form-7\" value=\"1\" ><span><span class=\"consent_mc_it\">Consento al trattamento dei miei dati personali per finalit\u00e0 marketing e\/o promozionali (facoltativo)<\/span><span class=\"consent_mc_en\">I Agree to the processing of my personal data for marketing and \/ or promotional purposes (optional)<\/span><\/span><\/label><\/span><!-- \/ Mailchimp for WordPress --><br \/>\n<input class=\"wpcf7-form-control wpcf7-submit has-spinner\" type=\"submit\" value=\"Send\" \/>\n\t<\/p>\n<\/div><div class=\"wpcf7-response-output\" aria-hidden=\"true\"><\/div>\n<\/form>\n<\/div>\n[vc_empty_space height=&raquo;40px&raquo;]<\/div><\/div><\/div><div class=\"wpb_column vc_column_container vc_col-sm-4 vc_hidden-xs col-xs-mobile-fullwidth pofo-column-responsive-69f40b4fef14c\"><div class=\"vc_column-inner vc_custom_1641985372306\"><div class=\"wpb_wrapper\">[vc_widget_sidebar sidebar_id=&raquo;sidebar-1&#8243;]<\/div><\/div><\/div><\/section>\n<\/section>","protected":false},"excerpt":{"rendered":"Omr\u00e5de for tilbudsforesp\u00f8rselLeter du etter en reservedel til industrikj\u00f8ret\u00f8y? For ethvert kj\u00f8ret\u00f8y, uansett merke og modell, be om et gratis tilbud p\u00e5 reservedelen din. Uten forpliktelse. Du kan spare opptil 50 % Compila il form qui sotto. Sarai ricontattato entro 48h da un nostro consulente professionale a tua completa disposizione. Seleziona il servizio d&#039;interesse*CarroAutoOleodinamicaDiagnosticaAttrezzature Ho letto e accetto la Privacy Policy del sito web Consento al trattamento dei miei dati personali per finalit\u00e0 marketing e\/o promozionali (facoltativo)I Agree to the processing of my personal data for marketing and \/ or promotional purposes (optional) [vc_empty_space height=\"40px\"][vc_widget_sidebar sidebar_id=\"sidebar-1\"]","protected":false},"author":1,"featured_media":0,"parent":0,"menu_order":24,"comment_status":"closed","ping_status":"closed","template":"","meta":{"content-type":"","footnotes":""},"class_list":["post-27711","page","type-page","status-publish","hentry"],"_links":{"self":[{"href":"https:\/\/www.emporiorossi.it\/no\/wp-json\/wp\/v2\/pages\/27711","targetHints":{"allow":["GET"]}}],"collection":[{"href":"https:\/\/www.emporiorossi.it\/no\/wp-json\/wp\/v2\/pages"}],"about":[{"href":"https:\/\/www.emporiorossi.it\/no\/wp-json\/wp\/v2\/types\/page"}],"author":[{"embeddable":true,"href":"https:\/\/www.emporiorossi.it\/no\/wp-json\/wp\/v2\/users\/1"}],"replies":[{"embeddable":true,"href":"https:\/\/www.emporiorossi.it\/no\/wp-json\/wp\/v2\/comments?post=27711"}],"version-history":[{"count":5,"href":"https:\/\/www.emporiorossi.it\/no\/wp-json\/wp\/v2\/pages\/27711\/revisions"}],"predecessor-version":[{"id":27718,"href":"https:\/\/www.emporiorossi.it\/no\/wp-json\/wp\/v2\/pages\/27711\/revisions\/27718"}],"wp:attachment":[{"href":"https:\/\/www.emporiorossi.it\/no\/wp-json\/wp\/v2\/media?parent=27711"}],"curies":[{"name":"wp","href":"https:\/\/api.w.org\/{rel}","templated":true}]}}