{"id":27690,"date":"2022-09-28T07:44:25","date_gmt":"2022-09-28T07:44:25","guid":{"rendered":"https:\/\/www.emporiorossi.it\/?page_id=27690"},"modified":"2023-09-15T15:59:00","modified_gmt":"2023-09-15T15:59:00","slug":"om-emporio-ricambi-rossi","status":"publish","type":"page","link":"https:\/\/www.emporiorossi.it\/no\/om-emporio-ricambi-rossi\/","title":{"rendered":"Om Emporio Ricambi Rossi"},"content":{"rendered":"<section class=\"wpb-content-wrapper\"><section class=\"vc_row wpb_row vc_row-fluid  vc_custom_1639415733773 vc_row-o-equal-height vc_row-o-content-middle vc_row-flex pofo-row-responsive-69f2a0508546c\"><div class=\"wpb_column vc_column_container vc_col-sm-6  col-xs-mobile-fullwidth\"><div class=\"vc_column-inner \"><div class=\"wpb_wrapper\"><div class=\"text-medium-gray text-small margin-5px-bottom alt-font text-uppercase heading-style4  vc_custom_1639413849459 pofo-button-responsive-69f2a050857b2  heading-1\"  style=\"font-weight: 600; color: #b32d30;\">Historien<\/div><h2 class=\"text-extra-dark-gray margin-20px-bottom font-weight-600 display-block alt-font  pofo_font_1639413863193 heading-style2 pofo-button-responsive-69f2a0508585e  heading-2\"  style=\"font-size: 32px; line-height: 40px; color: #0d3359;\" data-fontsize=\"32px\" data-lineheight=\"40px\">Gruppens opprinnelse<\/h2><div class=\"text-medium line-height-28 last-paragraph-no-margin pofo-text-block-responsive-69f2a050858b0\"><p>Vi startet i 1949 med Guido Rossi og sin vilje til \u00e5 p\u00e5ta seg og delta gjenoppbygging til landet v\u00e5rt ved \u00e5 selge lastebil reservedeler. Vi ble den eneste regional referansen i salgssektor for lastebil reservedeler. Etter 60 \u00e5r og tre generasjoner bedriften beholder og brenner lidenskapen mer enn noensinne. Vi reinvestert alle overskudd i 60 \u00e5r og blir en solid og uavhengig bedrift. Vi tenker at pengene m\u00e5 brukes til utvikling av selskapet og det reelle markedet. De m\u00e5 gi et verdig liv til de som jobber hos oss og de som leder selskapet.<\/p>\n<p>I de siste 10 \u00e5r v\u00e5rt motto har vart &laquo;endring i st\u00f8rrelsen p\u00e5 den italienske sm\u00e5bedriften&raquo;. Vi doblet omsetning og personell diversifisering aktiviteten ogs\u00e5 ved \u00e5 overta selskaper og \u00e5pne filialer. Vi tilbyr kunden det komplette utvalget av reservedeler for industrikj\u00f8ret\u00f8y i tilleg til reservedeler for hydraulikk, pneumatikk og sm\u00f8ring.<\/p>\n<\/div><\/div><\/div><\/div><div class=\"wpb_column vc_column_container vc_col-sm-6 vc_hidden-xs col-xs-mobile-fullwidth pofo-column-responsive-69f2a0508596c\"><div class=\"vc_column-inner vc_custom_1639415674928\"><div class=\"wpb_wrapper\">[vc_single_image image=&raquo;27280&#8243; img_size=&raquo;full&raquo; alignment=&raquo;center&raquo;]<\/div><\/div><\/div><div class=\"wpb_column vc_column_container  col-xs-mobile-fullwidth\"><div class=\"vc_column-inner \"><div class=\"wpb_wrapper\"><div class=\"vc_row wpb_row vc_inner vc_row-fluid  vc_custom_1639415563246\"><div class=\"wpb_column vc_column_container vc_col-sm-6  col-xs-mobile-fullwidth pofo-column-responsive-69f2a05085ba1\"><div class=\"vc_column-inner \"><div class=\"wpb_wrapper\"><span class=\"text-extra-dark-gray margin-20px-bottom font-weight-600 display-block alt-font  pofo_font_1639414784146 heading-style2 pofo-button-responsive-69f2a05085c1e  heading-3\"  style=\"font-size: 25px; line-height: 30px; color: #0d3359;\" data-fontsize=\"25px\" data-lineheight=\"30px\">Den geografiske plasseringen<\/span><div class=\"text-medium line-height-28 last-paragraph-no-margin pofo-text-block-responsive-69f2a05085c5b\"><p>V\u00e5r geografisk plassering, desentralisert med hensyn til de store italienske markedene, er til oss et privilegert verkt\u00f8y for \u00e5 jobbe med Slovenia og Kroatia (hvor legger v\u00e5r filial i Rijeka).<\/p>\n<\/div><\/div><\/div><\/div><div class=\"wpb_column vc_column_container vc_col-sm-6  col-xs-mobile-fullwidth pofo-column-responsive-69f2a05085cc2\"><div class=\"vc_column-inner vc_custom_1639414605713\"><div class=\"wpb_wrapper\"><span class=\"text-extra-dark-gray margin-20px-bottom font-weight-600 display-block alt-font  pofo_font_1639414849361 heading-style2 pofo-button-responsive-69f2a05085d36  heading-4\"  style=\"font-size: 25px; line-height: 30px; color: #0d3359;\" data-fontsize=\"25px\" data-lineheight=\"30px\">Personellen<\/span><div class=\"text-medium line-height-28 last-paragraph-no-margin pofo-text-block-responsive-69f2a05085d6e\"><p>Hjertet til bedriften v\u00e5r er merksomhet, kompetanse, vilje, intelligens og nysgjerrigheten til de som jobber her. Om dett er vi sikre og vi legger s\u00e6rlig vekt p\u00e5 trening og mellommenneskelig utvikling.<\/p>\n<\/div><\/div><\/div><\/div><\/div><\/div><\/div><\/div><\/section><section data-vc-full-width=\"true\" data-vc-full-width-init=\"false\" class=\"vc_row wpb_row vc_row-fluid  vc_custom_1639415022738 wow fadeIn vc_row-has-fill pofo-stretch-content pofo-stretch-row-container\"><div class=\"wpb_column vc_column_container vc_col-sm-12  col-xs-mobile-fullwidth pofo-column-responsive-69f2a05085ebb\"><div class=\"vc_column-inner \"><div class=\"wpb_wrapper\"><div class=\"vc_row wpb_row vc_inner vc_row-fluid\"><div class=\"wpb_column vc_column_container vc_col-sm-1 vc_col-lg-2 vc_col-md-2 vc_hidden-xs col-xs-mobile-fullwidth text-center\"><div class=\"vc_column-inner \"><div class=\"wpb_wrapper\"><\/div><\/div><\/div><div class=\"wpb_column vc_column_container vc_col-sm-10 vc_col-lg-8 vc_col-md-8 col-xs-mobile-fullwidth text-center\"><div class=\"vc_column-inner \"><div class=\"wpb_wrapper\"><div class=\"testimonial-3 testimonial-style-3\"><i class=\"fa-solid fa-quote-left icon-small text-deep-pink display-block margin-25px-bottom \" style=\"color:#ffffff;\"><\/i><h5 class=\"alt-font text-extra-dark-gray font-weight-600 margin-5px-bottom\" style=\"color: #ffffff;\">Mission<\/h5><h5 class=\"alt-font text-extra-dark-gray font-weight-300\"><span style=\"color: #ffffff;\">Fortsetter \u00e5 vokse, trinn for trinn, og kanskje til og med to trinn for to trinn, alltid sammen med kundene v\u00e5re, st\u00f8tten jobben og utvikling til v\u00e5r vakre region.<\/span><\/h5><span class=\"text-extra-small alt-font letter-spacing-3 text-medium-gray text-uppercase\">Emporio Rossi<\/span><\/div><\/div><\/div><\/div><div class=\"wpb_column vc_column_container vc_col-sm-1 vc_col-lg-2 vc_col-md-2 vc_hidden-xs col-xs-mobile-fullwidth\"><div class=\"vc_column-inner \"><div class=\"wpb_wrapper\"><\/div><\/div><\/div><\/div><\/div><\/div><\/div><\/section><div class=\"vc_row-full-width vc_clearfix\"><\/div><section data-vc-full-width=\"true\" data-vc-full-width-init=\"false\" data-vc-stretch-content=\"true\" class=\"vc_row wpb_row vc_row-fluid  vc_custom_1507005698013 wow fadeIn vc_row-has-fill pofo-stretch-content vc_row-no-padding vc_row-o-equal-height vc_row-flex\"><div class=\"wpb_column vc_column_container vc_col-has-fill vc_col-sm-12 vc_col-lg-6 vc_col-md-6 vc_col-xs-12 wow fadeInLeft pofo-column-responsive-69f2a0508632d\"><div class=\"vc_column-inner vc_custom_1639477592815\"><div class=\"wpb_wrapper\"><\/div><\/div><\/div><div class=\"wpb_column vc_column_container vc_col-sm-12 vc_col-lg-6 vc_col-md-6 vc_col-xs-12 wow fadeInRight\"><div class=\"vc_column-inner vc_custom_1639415225171\"><div class=\"wpb_wrapper\"><div class=\"vc_row wpb_row vc_inner vc_row-fluid  vc_custom_1639416513937 pofo-inner-row-responsive-69f2a05086481\"><div class=\"wpb_column vc_column_container  col-xs-mobile-fullwidth sm-text-left xs-text-left pofo-column-responsive-69f2a05086583\"><div class=\"vc_column-inner \"><div class=\"wpb_wrapper\"><div class=\"text-medium-gray text-small margin-5px-bottom alt-font text-uppercase heading-style4  vc_custom_1639415940153 pofo-button-responsive-69f2a0508668c  heading-5\"  style=\"font-weight: 600; color: #b32d30;\">Emporio Rossi<\/div><h2 class=\"text-extra-dark-gray margin-20px-bottom font-weight-600 display-block alt-font  pofo_font_1639417779831 heading-style2  heading-6\"  style=\"width: 95%; font-size: 32px; line-height: 40px; color: #0d3359;\" data-fontsize=\"32px\" data-lineheight=\"40px\">Bedriften i dag<\/h2><div class=\"text-medium line-height-28  vc_custom_1639416451187 last-paragraph-no-margin pofo-text-block-responsive-69f2a05086724\"><p>Core business til bedriften v\u00e5r er markedsf\u00f8ring av alle reservedeler til industrikj\u00f8ret\u00f8yer, fra reservedeler for motorer til mekanikk, fra karosseri til tilbeh\u00f8r, fra diagnostikk til olje. Vi driver hovedsakelig med originale utstyrsreservedeler, men ogs\u00e5 originale reservedeler og konkurrerende reservedeler. Vi er ogs\u00e5 forhandlere av alle merker tilhengerdeler.<\/p>\n<\/div><ul class=\"text-medium list-style-3 list-style3-1 \"><\/ul><div class=\"text-medium line-height-28 last-paragraph-no-margin pofo-text-block-responsive-69f2a05086833\"><p>Verksteder, fl\u00e5ter, transport\u00f8rer, jordflyttefirmaer, industrier, offentlige administrasjoner: hos oss har de vissheten om produktenes stabilitet og kvalitet.<\/p>\n<\/div><\/div><\/div><\/div><\/div><\/div><\/div><\/div><\/section><div class=\"vc_row-full-width vc_clearfix\"><\/div><section class=\"vc_row wpb_row vc_row-fluid  vc_custom_1643967746405 pofo-row-responsive-69f2a050868dd\"><div class=\"wpb_column vc_column_container  col-xs-mobile-fullwidth\"><div class=\"vc_column-inner \"><div class=\"wpb_wrapper\"><div class=\"vc_row wpb_row vc_inner vc_row-fluid  vc_custom_1643967688533 pofo-inner-row-responsive-69f2a05086ad3\"><div class=\"wpb_column vc_column_container vc_col-sm-3  col-xs-mobile-fullwidth\"><div class=\"vc_column-inner \"><div class=\"wpb_wrapper\"><\/div><\/div><\/div><div class=\"wpb_column vc_column_container vc_col-sm-6  col-xs-mobile-fullwidth text-center md-text-center sm-text-left xs-text-left\"><div class=\"vc_column-inner \"><div class=\"wpb_wrapper\"><div class=\"text-medium-gray text-small margin-5px-bottom alt-font text-uppercase heading-style4  vc_custom_1639417370569 pofo-button-responsive-69f2a05086cdb  heading-7\"  style=\"font-weight: 600; color: #b32d30;\">Emporio Rossi<\/div><h2 class=\"text-extra-dark-gray margin-20px-bottom font-weight-600 display-block alt-font  pofo_font_1639417800195 heading-style2 pofo-button-responsive-69f2a05086d26  heading-8\"  style=\"font-size: 32px; line-height: 40px; color: #0d3359;\" data-fontsize=\"32px\" data-lineheight=\"40px\">Gruppens filialer<\/h2><\/div><\/div><\/div><div class=\"wpb_column vc_column_container vc_col-sm-3  col-xs-mobile-fullwidth\"><div class=\"vc_column-inner \"><div class=\"wpb_wrapper\"><\/div><\/div><\/div><\/div><\/div><\/div><\/div><div class=\"wpb_column vc_column_container vc_col-has-fill vc_col-sm-4 vc_col-md-4 vc_col-xs-6 text-left md-text-left sm-text-left xs-text-left\"><div class=\"vc_column-inner vc_custom_1643097106972\"><div class=\"wpb_wrapper\"><div class=\"featurebox21 pofo-featurebox  vc_custom_1633698771856 pofo-feature-box-responsive-69f2a05087d8d featurebox21-1\" ><div class=\"display-inline-block margin-25px-bottom sm-margin-15px-bottom xs-margin-10px-bottom\"><img decoding=\"async\" src=\"https:\/\/www.emporiorossi.it\/wp-content\/uploads\/2021\/10\/Icona-Sede-V2.png\" alt=\"\" class=\"icon-image\" title=\"\"><\/div><span class=\"text-extra-dark-gray display-inline-block width-100 text-small font-weight-600 alt-font margin-5px-bottom\" style=\"font-size: 14px; line-height: 24px; font-weight: 600; color: #0d3359;\" data-fontsize=\"14px\" data-lineheight=\"24px\">FILIAL TIL UDINE<\/span><div class=\"xs-margin-10px-bottom center-col last-paragraph-no-margin\"><p>Via Este 40\/2<br \/>\n33100 &#8211; Udine (UD) &#8211; IT<br \/>\n<strong>T:<\/strong><a href=\"tel:00390432600112\"> +39 0432 600 112<\/a><br \/>\n<a href=\"mailto:web@emporiorossi.it\"><span style=\"color: #0d3359;\">E-POST<\/span><\/a><\/p>\n<\/div><\/div><\/div><\/div><\/div><div class=\"wpb_column vc_column_container vc_col-has-fill vc_col-sm-4 vc_col-md-4 vc_col-xs-6 text-left md-text-left sm-text-left xs-text-left\"><div class=\"vc_column-inner vc_custom_1643097128700\"><div class=\"wpb_wrapper\"><div class=\"featurebox21 pofo-featurebox  vc_custom_1694793445533 pofo-feature-box-responsive-69f2a05088098 featurebox21-2\" ><div class=\"display-inline-block margin-25px-bottom sm-margin-15px-bottom xs-margin-10px-bottom\"><img decoding=\"async\" src=\"https:\/\/www.emporiorossi.it\/wp-content\/uploads\/2021\/10\/Icona-Sede-V2.png\" alt=\"\" class=\"icon-image\" title=\"\"><\/div><span class=\"text-extra-dark-gray display-inline-block width-100 text-small font-weight-600 alt-font margin-5px-bottom\" style=\"font-size: 14px; line-height: 24px; font-weight: 600; color: #0d3359;\" data-fontsize=\"14px\" data-lineheight=\"24px\">FILIAL TIL TRIESTE<\/span><div class=\"xs-margin-10px-bottom center-col last-paragraph-no-margin\"><p>Via Flavia, 132\/2<br \/>\n34147 &#8211; Trieste (TS) &#8211; IT<br \/>\n<strong>T:<\/strong><a href=\"tel:00390409828560\"> +39 0409 828 560<br \/>\n<\/a><a href=\"mailto:filiale.trieste@emporiorossi.it\"><span style=\"color: #0d3359;\">E-POST<\/span><\/a><\/p>\n<\/div><\/div><\/div><\/div><\/div><div class=\"wpb_column vc_column_container vc_col-has-fill vc_col-sm-4 vc_col-md-4 vc_col-xs-6 text-left md-text-left sm-text-left xs-text-left\"><div class=\"vc_column-inner vc_custom_1643097155018\"><div class=\"wpb_wrapper\"><div class=\"featurebox21 pofo-featurebox  vc_custom_1635849923348 pofo-feature-box-responsive-69f2a05088327 featurebox21-3\" ><div class=\"display-inline-block margin-25px-bottom sm-margin-15px-bottom xs-margin-10px-bottom\"><img decoding=\"async\" src=\"https:\/\/www.emporiorossi.it\/wp-content\/uploads\/2021\/10\/Icona-Sede-V2.png\" alt=\"\" class=\"icon-image\" title=\"\"><\/div><span class=\"text-extra-dark-gray display-inline-block width-100 text-small font-weight-600 alt-font margin-5px-bottom\" style=\"font-size: 14px; line-height: 24px; font-weight: 600; color: #0d3359;\" data-fontsize=\"14px\" data-lineheight=\"24px\">FILIAL TIL PORTOGRUARO<\/span><div class=\"xs-margin-10px-bottom center-col last-paragraph-no-margin\"><p>Via dell\u2019Industria, 42<br \/>\n30020 Gruaro, (VE) &#8211; IT<br \/>\n<strong>T:<\/strong><a href=\"tel:0039042118986\"> +39 0421 189 862<br \/>\n<\/a><a href=\"mailto:filiale.portogruaro@emporiorossi.it\"><span style=\"color: #0d3359;\">E-POST<\/span><\/a><\/p>\n<\/div><\/div><\/div><\/div><\/div><div class=\"wpb_column vc_column_container vc_col-has-fill vc_col-sm-4 vc_col-md-4 vc_col-xs-6 text-left md-text-left sm-text-left xs-text-left\"><div class=\"vc_column-inner vc_custom_1643097179908\"><div class=\"wpb_wrapper\"><div class=\"featurebox21 pofo-featurebox  vc_custom_1633698855613 pofo-feature-box-responsive-69f2a050885bd featurebox21-4\" ><div class=\"display-inline-block margin-25px-bottom sm-margin-15px-bottom xs-margin-10px-bottom\"><img decoding=\"async\" src=\"https:\/\/www.emporiorossi.it\/wp-content\/uploads\/2021\/10\/Icona-Sede-V2.png\" alt=\"\" class=\"icon-image\" title=\"\"><\/div><span class=\"text-extra-dark-gray display-inline-block width-100 text-small font-weight-600 alt-font margin-5px-bottom\" style=\"font-size: 14px; line-height: 24px; font-weight: 600; color: #0d3359;\" data-fontsize=\"14px\" data-lineheight=\"24px\">RICAMBI ROSSI D.O.O.<\/span><div class=\"xs-margin-10px-bottom center-col last-paragraph-no-margin\"><p>Bujanovo 10,<br \/>\n51219 Cavle &#8211; Croazia<br \/>\n<strong>T:<\/strong><a href=\"tel:0038551688947\"> +385 51 688 947<\/a><br \/>\n<a href=\"mailto:ricambirosimail@ricambirossi.tcloud.hr\"><span style=\"color: #0d3359;\">E-POST<\/span><\/a><\/p>\n<\/div><\/div><\/div><\/div><\/div><div class=\"wpb_column vc_column_container vc_col-has-fill vc_col-sm-4 vc_col-md-4 vc_col-xs-6 text-left md-text-left sm-text-left xs-text-left display-block\"><div class=\"vc_column-inner vc_custom_1643097201568\"><div class=\"wpb_wrapper\"><div class=\"featurebox21 pofo-featurebox  vc_custom_1643025601839 pofo-feature-box-responsive-69f2a05088890 featurebox21-5\" ><div class=\"display-inline-block margin-25px-bottom sm-margin-15px-bottom xs-margin-10px-bottom\"><img decoding=\"async\" src=\"https:\/\/www.emporiorossi.it\/wp-content\/uploads\/2021\/10\/Icona-Sede-V2.png\" alt=\"\" class=\"icon-image\" title=\"\"><\/div><span class=\"text-extra-dark-gray display-inline-block width-100 text-small font-weight-600 alt-font margin-5px-bottom\" style=\"font-size: 14px; line-height: 24px; font-weight: 600; color: #0d3359;\" data-fontsize=\"14px\" data-lineheight=\"24px\">FILIAL TIL IMOLA<\/span><div class=\"xs-margin-10px-bottom center-col last-paragraph-no-margin\"><p>Via A. Spallicci, 11<br \/>\n40026 Imola (BO) &#8211; IT<br \/>\n<strong>T:<\/strong><a href=\"tel:00390542643898\"> +39 0542 643 898<\/a><br \/>\n<a href=\"mailto:filiale.imola@emporiorossi.it\"><span style=\"color: #0d3359;\">E-POST<\/span><\/a><\/p>\n<\/div><\/div><\/div><\/div><\/div><\/section>\n<\/section>","protected":false},"excerpt":{"rendered":"HistorienGruppens opprinnelseVi startet i 1949 med Guido Rossi og sin vilje til \u00e5 p\u00e5ta seg og delta gjenoppbygging til landet v\u00e5rt ved \u00e5 selge lastebil reservedeler. Vi ble den eneste regional referansen i salgssektor for lastebil reservedeler. Etter 60 \u00e5r og tre generasjoner bedriften beholder og brenner lidenskapen mer enn noensinne. Vi reinvestert alle overskudd i 60 \u00e5r og blir en solid og uavhengig bedrift. Vi tenker at pengene m\u00e5 brukes til utvikling av selskapet og det reelle markedet. De m\u00e5 gi et verdig liv til de som jobber hos oss og de som leder selskapet. I de siste 10 \u00e5r v\u00e5rt motto har vart \"endring i st\u00f8rrelsen p\u00e5 den italienske sm\u00e5bedriften\". Vi doblet omsetning og personell diversifisering aktiviteten ogs\u00e5 ved \u00e5 overta selskaper og \u00e5pne filialer. Vi tilbyr kunden det komplette utvalget av reservedeler for industrikj\u00f8ret\u00f8y i tilleg til reservedeler for hydraulikk, pneumatikk og sm\u00f8ring. [vc_single_image image=\"27280\" img_size=\"full\" alignment=\"center\"]Den geografiske plasseringenV\u00e5r geografisk plassering, desentralisert med hensyn til de store italienske markedene, er til oss et privilegert verkt\u00f8y for \u00e5 jobbe med Slovenia og Kroatia (hvor legger v\u00e5r filial i Rijeka). PersonellenHjertet til bedriften v\u00e5r er merksomhet, kompetanse, vilje, intelligens og nysgjerrigheten til de som jobber her. Om dett er...","protected":false},"author":1,"featured_media":0,"parent":0,"menu_order":9,"comment_status":"closed","ping_status":"closed","template":"","meta":{"content-type":"","footnotes":""},"class_list":["post-27690","page","type-page","status-publish","hentry"],"_links":{"self":[{"href":"https:\/\/www.emporiorossi.it\/no\/wp-json\/wp\/v2\/pages\/27690","targetHints":{"allow":["GET"]}}],"collection":[{"href":"https:\/\/www.emporiorossi.it\/no\/wp-json\/wp\/v2\/pages"}],"about":[{"href":"https:\/\/www.emporiorossi.it\/no\/wp-json\/wp\/v2\/types\/page"}],"author":[{"embeddable":true,"href":"https:\/\/www.emporiorossi.it\/no\/wp-json\/wp\/v2\/users\/1"}],"replies":[{"embeddable":true,"href":"https:\/\/www.emporiorossi.it\/no\/wp-json\/wp\/v2\/comments?post=27690"}],"version-history":[{"count":9,"href":"https:\/\/www.emporiorossi.it\/no\/wp-json\/wp\/v2\/pages\/27690\/revisions"}],"predecessor-version":[{"id":28115,"href":"https:\/\/www.emporiorossi.it\/no\/wp-json\/wp\/v2\/pages\/27690\/revisions\/28115"}],"wp:attachment":[{"href":"https:\/\/www.emporiorossi.it\/no\/wp-json\/wp\/v2\/media?parent=27690"}],"curies":[{"name":"wp","href":"https:\/\/api.w.org\/{rel}","templated":true}]}}